{"id":119,"date":"2020-02-12T13:52:01","date_gmt":"2020-02-12T12:52:01","guid":{"rendered":"https:\/\/infinitohotelmenorca.com\/?page_id=119"},"modified":"2020-03-04T15:07:24","modified_gmt":"2020-03-04T14:07:24","slug":"aviso-legal","status":"publish","type":"page","link":"https:\/\/infinitohotelmenorca.com\/en\/aviso-legal\/","title":{"rendered":"Aviso Legal"},"content":{"rendered":"\n<p>[field \u00abfield_empresa\u00bb], provisto con NIF\/CIF [field \u00abfield_cif\u00bb], direcci\u00f3n [field \u00abfield_direccion\u00bb],    no    puede asumir    ninguna    responsabilidad    derivada    del    uso incorrecto, inapropiado o il\u00edcito de la informaci\u00f3n aparecida en la p\u00e1gina de Internet de [field \u00abfield_web\u00bb]  <\/p>\n\n\n\n<p>Con  los  l\u00edmites  establecidos  en  la  ley,  [field \u00abfield_empresa\u00bb]  no  asume  ninguna  responsabilidad derivada de la falta de veracidad, integridad, actualizaci\u00f3n y precisi\u00f3n de los datos o informaciones que se contienen en sus p\u00e1ginas de Internet.<\/p>\n\n\n\n<p>Los  contenidos  e  informaci\u00f3n  no  vinculan  a  [field \u00abfield_empresa\u00bb] ni  constituyen  opiniones,  consejos  o asesoramiento  legal  de  ning\u00fan  tipo  pues  se  trata  meramente  de  un  servicio  ofrecido  con  car\u00e1cter  informativo  y divulgativo.<\/p>\n\n\n\n<p>La p\u00e1gina de Internet de [field \u00abfield_web\u00bb] puede contener enlaces (links) a otras p\u00e1ginas de terceras partes que [field \u00abfield_empresa\u00bb] no puedecontrolar. Por lo tanto, [field \u00abfield_empresa\u00bb]  no  puede  asumir  responsabilidades  por  el  contenido  que  pueda  aparecer  en p\u00e1ginas de terceros. <\/p>\n\n\n\n<p>Los textos, im\u00e1genes, sonidos, animaciones, software y el resto de contenidos incluidos en este website son propiedad exclusiva  de  [field \u00abfield_empresa\u00bb]  o  sus  licenciantes.  Cualquier  acto  de  transmisi\u00f3n,  distribuci\u00f3n, cesi\u00f3n,  reproducci\u00f3n,  almacenamiento  o  comunicaci\u00f3n  p\u00fablica  total  o  parcial,  debe  contar  con  el  consentimiento expreso de [field \u00abfield_empresa\u00bb] <\/p>\n\n\n\n<p>Asimismo, para acceder a algunos de los servicios que  [field \u00abfield_empresa\u00bb] ofrece a trav\u00e9s del website deber\u00e1  proporcionar  algunos  datos  de  car\u00e1cter  personal.  En  cumplimiento  de  lo  establecido  en  el  Reglamento  (UE) 2016\/679 del Parlamento Europeo y del Consejo, de 27 de abril de 2016, relativo a la protecci\u00f3n de las personas f\u00edsicas en  lo  que  respecta  al  tratamiento  de  datos  personales  y  a  la  libre  circulaci\u00f3n  de  estos  datos  le  informamos  que, mediante  la  cumplimentaci\u00f3n  de  los  presentes  formularios,  sus  datos  personales  quedar\u00e1n  incorporados  y  ser\u00e1n tratados en los ficheros de [field \u00abfield_empresa\u00bb] con el fin de poderle prestar y ofrecer nuestros servicios as\u00ed como  para  informarle  de  las  mejoras  del  sitio  Web.  Asimismo,  le informamos  de  la  posibilidad  de  que  ejerza  los derechos de acceso, rectificaci\u00f3n, cancelaci\u00f3n y oposici\u00f3n de sus datos de car\u00e1cter personal, manera gratuita mediante email a [field \u00abfield_web\u00bb] o en la direcci\u00f3n [field \u00abfield_direccion\u00bb]<\/p>\n","protected":false},"excerpt":{"rendered":"<p>[field \u00abfield_empresa\u00bb], provisto con NIF\/CIF [field \u00abfield_cif\u00bb], direcci\u00f3n [field \u00abfield_direccion\u00bb], no puede asumir ninguna responsabilidad derivada del uso incorrecto, inapropiado o il\u00edcito de la informaci\u00f3n aparecida en la p\u00e1gina de Internet de [field \u00abfield_web\u00bb] Con los l\u00edmites establecidos en la ley, [field \u00abfield_empresa\u00bb] no asume ninguna responsabilidad derivada de la falta de veracidad, integridad, actualizaci\u00f3n [&hellip;]<\/p>\n","protected":false},"author":1,"featured_media":0,"parent":0,"menu_order":0,"comment_status":"closed","ping_status":"closed","template":"","meta":{"footnotes":""},"class_list":["post-119","page","type-page","status-publish","hentry"],"aioseo_notices":[],"_links":{"self":[{"href":"https:\/\/infinitohotelmenorca.com\/en\/wp-json\/wp\/v2\/pages\/119","targetHints":{"allow":["GET"]}}],"collection":[{"href":"https:\/\/infinitohotelmenorca.com\/en\/wp-json\/wp\/v2\/pages"}],"about":[{"href":"https:\/\/infinitohotelmenorca.com\/en\/wp-json\/wp\/v2\/types\/page"}],"author":[{"embeddable":true,"href":"https:\/\/infinitohotelmenorca.com\/en\/wp-json\/wp\/v2\/users\/1"}],"replies":[{"embeddable":true,"href":"https:\/\/infinitohotelmenorca.com\/en\/wp-json\/wp\/v2\/comments?post=119"}],"version-history":[{"count":0,"href":"https:\/\/infinitohotelmenorca.com\/en\/wp-json\/wp\/v2\/pages\/119\/revisions"}],"wp:attachment":[{"href":"https:\/\/infinitohotelmenorca.com\/en\/wp-json\/wp\/v2\/media?parent=119"}],"curies":[{"name":"wp","href":"https:\/\/api.w.org\/{rel}","templated":true}]}}